{"id":355,"date":"2025-04-01T06:13:35","date_gmt":"2025-04-01T06:13:35","guid":{"rendered":"https:\/\/cbritanico.edu.mx\/?page_id=355"},"modified":"2025-04-01T06:25:50","modified_gmt":"2025-04-01T06:25:50","slug":"terminos-y-condiciones","status":"publish","type":"page","link":"https:\/\/cbritanico.edu.mx\/en\/terminos-y-condiciones\/","title":{"rendered":"T\u00e9rminos y Condiciones"},"content":{"rendered":"<p>[et_pb_section fb_built=&#8221;1&#8243; _builder_version=&#8221;4.27.4&#8243; _module_preset=&#8221;default&#8221; da_disable_devices=&#8221;off|off|off&#8221; global_colors_info=&#8221;{}&#8221; da_is_popup=&#8221;off&#8221; da_exit_intent=&#8221;off&#8221; da_has_close=&#8221;on&#8221; da_alt_close=&#8221;off&#8221; da_dark_close=&#8221;off&#8221; da_not_modal=&#8221;on&#8221; da_is_singular=&#8221;off&#8221; da_with_loader=&#8221;off&#8221; da_has_shadow=&#8221;on&#8221;][\/et_pb_section][et_pb_section fb_built=&#8221;1&#8243; admin_label=&#8221;Section&#8221; module_id=&#8221;Terminos&#8221; _builder_version=&#8221;4.27.4&#8243; _module_preset=&#8221;default&#8221; hover_enabled=&#8221;0&#8243; da_is_popup=&#8221;off&#8221; da_popup_slug=&#8221;Terminos&#8221; da_disable_devices=&#8221;off|off|off&#8221; global_colors_info=&#8221;{}&#8221; locked=&#8221;off&#8221; sticky_enabled=&#8221;0&#8243; da_exit_intent=&#8221;off&#8221; da_has_close=&#8221;on&#8221; da_alt_close=&#8221;off&#8221; da_dark_close=&#8221;off&#8221; da_not_modal=&#8221;on&#8221; da_is_singular=&#8221;off&#8221; da_with_loader=&#8221;off&#8221; da_has_shadow=&#8221;on&#8221;][et_pb_row _builder_version=&#8221;4.27.4&#8243; _module_preset=&#8221;default&#8221; global_colors_info=&#8221;{}&#8221;][et_pb_column type=&#8221;4_4&#8243; _builder_version=&#8221;4.27.4&#8243; _module_preset=&#8221;default&#8221; global_colors_info=&#8221;{}&#8221;][et_pb_text _builder_version=&#8221;4.27.4&#8243; _module_preset=&#8221;default&#8221; text_text_color=&#8221;#222a73&#8243; global_colors_info=&#8221;{}&#8221;]<\/p>\n<p data-pm-slice=\"1 3 []\" style=\"text-align: center;\"><span><strong>T\u00e9rminos y Condiciones<\/strong><\/span><\/p>\n<p><span><strong>1. Introducci\u00f3n<\/strong><\/span><span> <\/span><\/p>\n<p style=\"text-align: justify;\"><span>Bienvenido al sitio web del Colegio Brit\u00e1nico. Al acceder y utilizar nuestro sitio web, usted acepta cumplir con los siguientes t\u00e9rminos y condiciones. Si no est\u00e1 de acuerdo con alguna parte de estos t\u00e9rminos, le recomendamos no utilizar nuestro sitio.<\/span><\/p>\n<p><span><strong>2. Uso del Sitio Web<\/strong><\/span><\/p>\n<ul data-spread=\"false\">\n<li style=\"text-align: justify;\"><span>El contenido de este sitio es solo para informaci\u00f3n general y est\u00e1 sujeto a cambios sin previo aviso.<\/span><\/li>\n<li style=\"text-align: justify;\"><span>No garantizamos la exactitud, actualidad o idoneidad de la informaci\u00f3n y materiales proporcionados en este sitio.<\/span><\/li>\n<li style=\"text-align: justify;\"><span>El uso de cualquier material o informaci\u00f3n en este sitio es bajo su propio riesgo.<\/span><\/li>\n<\/ul>\n<p><span><strong>3. Propiedad Intelectual<\/strong><\/span><\/p>\n<ul data-spread=\"false\">\n<li style=\"text-align: justify;\"><span>Todo el contenido de este sitio web, incluidos textos, im\u00e1genes, logotipos y dise\u00f1os, est\u00e1 protegido por derechos de autor y no puede ser reproducido sin autorizaci\u00f3n previa.<\/span><\/li>\n<li style=\"text-align: justify;\"><span>No est\u00e1 permitido el uso no autorizado de este contenido con fines comerciales o de distribuci\u00f3n sin el consentimiento expreso del Colegio Brit\u00e1nico.<\/span><\/li>\n<\/ul>\n<p><span><strong>4. Enlaces a Terceros<\/strong><\/span><\/p>\n<ul data-spread=\"false\">\n<li style=\"text-align: justify;\"><span>Este sitio web puede incluir enlaces a otros sitios de inter\u00e9s. No tenemos control sobre el contenido de esos sitios y no somos responsables de sus pol\u00edticas o pr\u00e1cticas.<\/span><\/li>\n<li style=\"text-align: justify;\"><span>La inclusi\u00f3n de cualquier enlace no implica una recomendaci\u00f3n o respaldo del sitio enlazado.<\/span><\/li>\n<\/ul>\n<p><span><strong>5. Limitaci\u00f3n de Responsabilidad<\/strong><\/span><\/p>\n<ul data-spread=\"false\">\n<li style=\"text-align: justify;\"><span>Colegio Brit\u00e1nico no ser\u00e1 responsable por da\u00f1os directos, indirectos, incidentales o consecuentes derivados del uso o la imposibilidad de uso de este sitio web.<\/span><\/li>\n<li style=\"text-align: justify;\"><span>No garantizamos que este sitio est\u00e9 libre de virus u otros elementos da\u00f1inos.<\/span><\/li>\n<\/ul>\n<p><span><strong>6. Modificaciones a los T\u00e9rminos<\/strong><\/span><\/p>\n<ul data-spread=\"false\">\n<li style=\"text-align: justify;\"><span>Nos reservamos el derecho de modificar estos t\u00e9rminos y condiciones en cualquier momento. Los cambios ser\u00e1n efectivos inmediatamente despu\u00e9s de su publicaci\u00f3n en este sitio.<\/span><\/li>\n<\/ul>\n<p><span><strong>7. Legislaci\u00f3n Aplicable<\/strong><\/span><\/p>\n<ul data-spread=\"false\">\n<li style=\"text-align: justify;\"><span>Estos t\u00e9rminos y condiciones se rigen por las leyes de M\u00e9xico y cualquier disputa se someter\u00e1 a la jurisdicci\u00f3n de los tribunales competentes.<\/span><\/li>\n<\/ul>\n<p>[\/et_pb_text][\/et_pb_column][\/et_pb_row][\/et_pb_section]<\/p>\n","protected":false},"excerpt":{"rendered":"<p>T\u00e9rminos y Condiciones 1. Introducci\u00f3n Bienvenido al sitio web del Colegio Brit\u00e1nico. Al acceder y utilizar nuestro sitio web, usted acepta cumplir con los siguientes t\u00e9rminos y condiciones. Si no est\u00e1 de acuerdo con alguna parte de estos t\u00e9rminos, le recomendamos no utilizar nuestro sitio. 2. Uso del Sitio Web El contenido de este sitio [&hellip;]<\/p>\n","protected":false},"author":1,"featured_media":0,"parent":0,"menu_order":0,"comment_status":"closed","ping_status":"closed","template":"","meta":{"_et_pb_use_builder":"on","_et_pb_old_content":"","_et_gb_content_width":"","footnotes":""},"class_list":["post-355","page","type-page","status-publish","hentry"],"_links":{"self":[{"href":"https:\/\/cbritanico.edu.mx\/en\/wp-json\/wp\/v2\/pages\/355","targetHints":{"allow":["GET"]}}],"collection":[{"href":"https:\/\/cbritanico.edu.mx\/en\/wp-json\/wp\/v2\/pages"}],"about":[{"href":"https:\/\/cbritanico.edu.mx\/en\/wp-json\/wp\/v2\/types\/page"}],"author":[{"embeddable":true,"href":"https:\/\/cbritanico.edu.mx\/en\/wp-json\/wp\/v2\/users\/1"}],"replies":[{"embeddable":true,"href":"https:\/\/cbritanico.edu.mx\/en\/wp-json\/wp\/v2\/comments?post=355"}],"version-history":[{"count":3,"href":"https:\/\/cbritanico.edu.mx\/en\/wp-json\/wp\/v2\/pages\/355\/revisions"}],"predecessor-version":[{"id":363,"href":"https:\/\/cbritanico.edu.mx\/en\/wp-json\/wp\/v2\/pages\/355\/revisions\/363"}],"wp:attachment":[{"href":"https:\/\/cbritanico.edu.mx\/en\/wp-json\/wp\/v2\/media?parent=355"}],"curies":[{"name":"wp","href":"https:\/\/api.w.org\/{rel}","templated":true}]}}